{"id":1950,"date":"2024-10-22T21:28:15","date_gmt":"2024-10-22T21:28:15","guid":{"rendered":"https:\/\/rochesterprep.uncommonschools.org\/?page_id=1950"},"modified":"2025-12-18T20:18:00","modified_gmt":"2025-12-18T20:18:00","slug":"25-26-enrollment-google-meta-rollover","status":"publish","type":"page","link":"https:\/\/rochesterprep.uncommonschools.org\/vi\/25-26-enrollment-google-meta-rollover\/","title":{"rendered":"25-26 Chuy\u1ec3n ti\u1ebfp th\u00f4ng tin \u0111\u0103ng k\u00fd"},"content":{"rendered":"","protected":false},"excerpt":{"rendered":"","protected":false},"author":15,"featured_media":0,"parent":0,"menu_order":0,"comment_status":"closed","ping_status":"closed","template":"","meta":{"_acf_changed":false,"_monsterinsights_skip_tracking":false,"_monsterinsights_sitenote_active":false,"_monsterinsights_sitenote_note":"","_monsterinsights_sitenote_category":0,"footnotes":""},"class_list":["post-1950","page","type-page","status-publish","hentry"],"acf":[],"yoast_head":"<!-- This site is optimized with the Yoast SEO plugin v27.2 - https:\/\/yoast.com\/product\/yoast-seo-wordpress\/ -->\n<title>25-26 Enrollment Meta Rollover - Uncommon Schools Rochester<\/title>\n<meta name=\"robots\" content=\"index, follow, max-snippet:-1, max-image-preview:large, max-video-preview:-1\" \/>\n<link rel=\"canonical\" href=\"https:\/\/rochesterprep.uncommonschools.org\/vi\/25-26-enrollment-google-meta-rollover\/\" \/>\n<meta property=\"og:locale\" content=\"vi_VN\" \/>\n<meta property=\"og:type\" content=\"article\" \/>\n<meta property=\"og:title\" content=\"25-26 Enrollment Meta Rollover - Uncommon Schools Rochester\" \/>\n<meta property=\"og:url\" content=\"https:\/\/rochesterprep.uncommonschools.org\/vi\/25-26-enrollment-google-meta-rollover\/\" \/>\n<meta property=\"og:site_name\" content=\"Uncommon Schools Rochester\" \/>\n<meta property=\"article:modified_time\" content=\"2025-12-18T20:18:00+00:00\" \/>\n<meta name=\"twitter:card\" content=\"summary_large_image\" \/>\n<script type=\"application\/ld+json\" class=\"yoast-schema-graph\">{\"@context\":\"https:\/\/schema.org\",\"@graph\":[{\"@type\":\"WebPage\",\"@id\":\"https:\/\/rochesterprep.uncommonschools.org\/25-26-enrollment-google-meta-rollover\/\",\"url\":\"https:\/\/rochesterprep.uncommonschools.org\/25-26-enrollment-google-meta-rollover\/\",\"name\":\"25-26 Enrollment Meta Rollover - Uncommon Schools Rochester\",\"isPartOf\":{\"@id\":\"https:\/\/rochesterprep.uncommonschools.org\/#website\"},\"datePublished\":\"2024-10-22T21:28:15+00:00\",\"dateModified\":\"2025-12-18T20:18:00+00:00\",\"breadcrumb\":{\"@id\":\"https:\/\/rochesterprep.uncommonschools.org\/25-26-enrollment-google-meta-rollover\/#breadcrumb\"},\"inLanguage\":\"vi\",\"potentialAction\":[{\"@type\":\"ReadAction\",\"target\":[\"https:\/\/rochesterprep.uncommonschools.org\/25-26-enrollment-google-meta-rollover\/\"]}]},{\"@type\":\"BreadcrumbList\",\"@id\":\"https:\/\/rochesterprep.uncommonschools.org\/25-26-enrollment-google-meta-rollover\/#breadcrumb\",\"itemListElement\":[{\"@type\":\"ListItem\",\"position\":1,\"name\":\"Home\",\"item\":\"https:\/\/rochesterprep.uncommonschools.org\/\"},{\"@type\":\"ListItem\",\"position\":2,\"name\":\"25-26 Enrollment Meta Rollover\"}]},{\"@type\":\"WebSite\",\"@id\":\"https:\/\/rochesterprep.uncommonschools.org\/#website\",\"url\":\"https:\/\/rochesterprep.uncommonschools.org\/\",\"name\":\"Uncommon Schools Rochester\",\"description\":\"\",\"potentialAction\":[{\"@type\":\"SearchAction\",\"target\":{\"@type\":\"EntryPoint\",\"urlTemplate\":\"https:\/\/rochesterprep.uncommonschools.org\/?s={search_term_string}\"},\"query-input\":{\"@type\":\"PropertyValueSpecification\",\"valueRequired\":true,\"valueName\":\"search_term_string\"}}],\"inLanguage\":\"vi\"}]}<\/script>\n<!-- \/ Yoast SEO plugin. -->","yoast_head_json":{"title":"25-26 Enrollment Meta Rollover - Uncommon Schools Rochester","robots":{"index":"index","follow":"follow","max-snippet":"max-snippet:-1","max-image-preview":"max-image-preview:large","max-video-preview":"max-video-preview:-1"},"canonical":"https:\/\/rochesterprep.uncommonschools.org\/vi\/25-26-enrollment-google-meta-rollover\/","og_locale":"vi_VN","og_type":"article","og_title":"25-26 Enrollment Meta Rollover - Uncommon Schools Rochester","og_url":"https:\/\/rochesterprep.uncommonschools.org\/vi\/25-26-enrollment-google-meta-rollover\/","og_site_name":"Uncommon Schools Rochester","article_modified_time":"2025-12-18T20:18:00+00:00","twitter_card":"summary_large_image","schema":{"@context":"https:\/\/schema.org","@graph":[{"@type":"WebPage","@id":"https:\/\/rochesterprep.uncommonschools.org\/25-26-enrollment-google-meta-rollover\/","url":"https:\/\/rochesterprep.uncommonschools.org\/25-26-enrollment-google-meta-rollover\/","name":"25-26 Enrollment Meta Rollover - Uncommon Schools Rochester","isPartOf":{"@id":"https:\/\/rochesterprep.uncommonschools.org\/#website"},"datePublished":"2024-10-22T21:28:15+00:00","dateModified":"2025-12-18T20:18:00+00:00","breadcrumb":{"@id":"https:\/\/rochesterprep.uncommonschools.org\/25-26-enrollment-google-meta-rollover\/#breadcrumb"},"inLanguage":"vi","potentialAction":[{"@type":"ReadAction","target":["https:\/\/rochesterprep.uncommonschools.org\/25-26-enrollment-google-meta-rollover\/"]}]},{"@type":"BreadcrumbList","@id":"https:\/\/rochesterprep.uncommonschools.org\/25-26-enrollment-google-meta-rollover\/#breadcrumb","itemListElement":[{"@type":"ListItem","position":1,"name":"Home","item":"https:\/\/rochesterprep.uncommonschools.org\/"},{"@type":"ListItem","position":2,"name":"25-26 Enrollment Meta Rollover"}]},{"@type":"WebSite","@id":"https:\/\/rochesterprep.uncommonschools.org\/#website","url":"https:\/\/rochesterprep.uncommonschools.org\/","name":"Tr\u01b0\u1eddng h\u1ecdc kh\u00f4ng ph\u1ed5 bi\u1ebfn Rochester","description":"","potentialAction":[{"@type":"SearchAction","target":{"@type":"EntryPoint","urlTemplate":"https:\/\/rochesterprep.uncommonschools.org\/?s={search_term_string}"},"query-input":{"@type":"PropertyValueSpecification","valueRequired":true,"valueName":"search_term_string"}}],"inLanguage":"vi"}]}},"_links":{"self":[{"href":"https:\/\/rochesterprep.uncommonschools.org\/vi\/wp-json\/wp\/v2\/pages\/1950","targetHints":{"allow":["GET"]}}],"collection":[{"href":"https:\/\/rochesterprep.uncommonschools.org\/vi\/wp-json\/wp\/v2\/pages"}],"about":[{"href":"https:\/\/rochesterprep.uncommonschools.org\/vi\/wp-json\/wp\/v2\/types\/page"}],"author":[{"embeddable":true,"href":"https:\/\/rochesterprep.uncommonschools.org\/vi\/wp-json\/wp\/v2\/users\/15"}],"replies":[{"embeddable":true,"href":"https:\/\/rochesterprep.uncommonschools.org\/vi\/wp-json\/wp\/v2\/comments?post=1950"}],"version-history":[{"count":0,"href":"https:\/\/rochesterprep.uncommonschools.org\/vi\/wp-json\/wp\/v2\/pages\/1950\/revisions"}],"wp:attachment":[{"href":"https:\/\/rochesterprep.uncommonschools.org\/vi\/wp-json\/wp\/v2\/media?parent=1950"}],"curies":[{"name":"wp","href":"https:\/\/api.w.org\/{rel}","templated":true}]}}