{"id":222,"date":"2019-03-22T14:43:02","date_gmt":"2019-03-22T14:43:02","guid":{"rendered":"http:\/\/rochesterprep.uncommonschools.org\/?page_id=222"},"modified":"2026-03-18T18:23:08","modified_gmt":"2026-03-18T18:23:08","slug":"family-resources","status":"publish","type":"page","link":"https:\/\/rochesterprep.uncommonschools.org\/vi\/family-resources\/","title":{"rendered":"T\u00e0i nguy\u00ean gia \u0111\u00ecnh"},"content":{"rendered":"","protected":false},"excerpt":{"rendered":"","protected":false},"author":1,"featured_media":0,"parent":0,"menu_order":0,"comment_status":"closed","ping_status":"closed","template":"","meta":{"_acf_changed":false,"_monsterinsights_skip_tracking":false,"_monsterinsights_sitenote_active":false,"_monsterinsights_sitenote_note":"","_monsterinsights_sitenote_category":0,"footnotes":""},"class_list":["post-222","page","type-page","status-publish","hentry"],"acf":[],"yoast_head":"<!-- This site is optimized with the Yoast SEO plugin v27.2 - https:\/\/yoast.com\/product\/yoast-seo-wordpress\/ -->\n<title>Family Resources - Uncommon Schools Rochester<\/title>\n<meta name=\"robots\" content=\"index, follow, max-snippet:-1, max-image-preview:large, max-video-preview:-1\" \/>\n<link rel=\"canonical\" href=\"https:\/\/rochesterprep.uncommonschools.org\/vi\/family-resources\/\" \/>\n<meta property=\"og:locale\" content=\"vi_VN\" \/>\n<meta property=\"og:type\" content=\"article\" \/>\n<meta property=\"og:title\" content=\"Family Resources - Uncommon Schools Rochester\" \/>\n<meta property=\"og:url\" content=\"https:\/\/rochesterprep.uncommonschools.org\/vi\/family-resources\/\" \/>\n<meta property=\"og:site_name\" content=\"Uncommon Schools Rochester\" \/>\n<meta property=\"article:modified_time\" content=\"2026-03-18T18:23:08+00:00\" \/>\n<meta name=\"twitter:card\" content=\"summary_large_image\" \/>\n<script type=\"application\/ld+json\" class=\"yoast-schema-graph\">{\"@context\":\"https:\/\/schema.org\",\"@graph\":[{\"@type\":\"WebPage\",\"@id\":\"https:\/\/rochesterprep.uncommonschools.org\/family-resources\/\",\"url\":\"https:\/\/rochesterprep.uncommonschools.org\/family-resources\/\",\"name\":\"Family Resources - Uncommon Schools Rochester\",\"isPartOf\":{\"@id\":\"https:\/\/rochesterprep.uncommonschools.org\/#website\"},\"datePublished\":\"2019-03-22T14:43:02+00:00\",\"dateModified\":\"2026-03-18T18:23:08+00:00\",\"breadcrumb\":{\"@id\":\"https:\/\/rochesterprep.uncommonschools.org\/family-resources\/#breadcrumb\"},\"inLanguage\":\"vi\",\"potentialAction\":[{\"@type\":\"ReadAction\",\"target\":[\"https:\/\/rochesterprep.uncommonschools.org\/family-resources\/\"]}]},{\"@type\":\"BreadcrumbList\",\"@id\":\"https:\/\/rochesterprep.uncommonschools.org\/family-resources\/#breadcrumb\",\"itemListElement\":[{\"@type\":\"ListItem\",\"position\":1,\"name\":\"Home\",\"item\":\"https:\/\/rochesterprep.uncommonschools.org\/\"},{\"@type\":\"ListItem\",\"position\":2,\"name\":\"Family Resources\"}]},{\"@type\":\"WebSite\",\"@id\":\"https:\/\/rochesterprep.uncommonschools.org\/#website\",\"url\":\"https:\/\/rochesterprep.uncommonschools.org\/\",\"name\":\"Uncommon Schools Rochester\",\"description\":\"\",\"potentialAction\":[{\"@type\":\"SearchAction\",\"target\":{\"@type\":\"EntryPoint\",\"urlTemplate\":\"https:\/\/rochesterprep.uncommonschools.org\/?s={search_term_string}\"},\"query-input\":{\"@type\":\"PropertyValueSpecification\",\"valueRequired\":true,\"valueName\":\"search_term_string\"}}],\"inLanguage\":\"vi\"}]}<\/script>\n<!-- \/ Yoast SEO plugin. -->","yoast_head_json":{"title":"T\u00e0i nguy\u00ean gia \u0111\u00ecnh - Tr\u01b0\u1eddng h\u1ecdc kh\u00f4ng ph\u1ed5 bi\u1ebfn Rochester","robots":{"index":"index","follow":"follow","max-snippet":"max-snippet:-1","max-image-preview":"max-image-preview:large","max-video-preview":"max-video-preview:-1"},"canonical":"https:\/\/rochesterprep.uncommonschools.org\/vi\/family-resources\/","og_locale":"vi_VN","og_type":"article","og_title":"Family Resources - Uncommon Schools Rochester","og_url":"https:\/\/rochesterprep.uncommonschools.org\/vi\/family-resources\/","og_site_name":"Uncommon Schools Rochester","article_modified_time":"2026-03-18T18:23:08+00:00","twitter_card":"summary_large_image","schema":{"@context":"https:\/\/schema.org","@graph":[{"@type":"WebPage","@id":"https:\/\/rochesterprep.uncommonschools.org\/family-resources\/","url":"https:\/\/rochesterprep.uncommonschools.org\/family-resources\/","name":"T\u00e0i nguy\u00ean gia \u0111\u00ecnh - Tr\u01b0\u1eddng h\u1ecdc kh\u00f4ng ph\u1ed5 bi\u1ebfn Rochester","isPartOf":{"@id":"https:\/\/rochesterprep.uncommonschools.org\/#website"},"datePublished":"2019-03-22T14:43:02+00:00","dateModified":"2026-03-18T18:23:08+00:00","breadcrumb":{"@id":"https:\/\/rochesterprep.uncommonschools.org\/family-resources\/#breadcrumb"},"inLanguage":"vi","potentialAction":[{"@type":"ReadAction","target":["https:\/\/rochesterprep.uncommonschools.org\/family-resources\/"]}]},{"@type":"BreadcrumbList","@id":"https:\/\/rochesterprep.uncommonschools.org\/family-resources\/#breadcrumb","itemListElement":[{"@type":"ListItem","position":1,"name":"Home","item":"https:\/\/rochesterprep.uncommonschools.org\/"},{"@type":"ListItem","position":2,"name":"Family Resources"}]},{"@type":"WebSite","@id":"https:\/\/rochesterprep.uncommonschools.org\/#website","url":"https:\/\/rochesterprep.uncommonschools.org\/","name":"Tr\u01b0\u1eddng h\u1ecdc kh\u00f4ng ph\u1ed5 bi\u1ebfn Rochester","description":"","potentialAction":[{"@type":"SearchAction","target":{"@type":"EntryPoint","urlTemplate":"https:\/\/rochesterprep.uncommonschools.org\/?s={search_term_string}"},"query-input":{"@type":"PropertyValueSpecification","valueRequired":true,"valueName":"search_term_string"}}],"inLanguage":"vi"}]}},"_links":{"self":[{"href":"https:\/\/rochesterprep.uncommonschools.org\/vi\/wp-json\/wp\/v2\/pages\/222","targetHints":{"allow":["GET"]}}],"collection":[{"href":"https:\/\/rochesterprep.uncommonschools.org\/vi\/wp-json\/wp\/v2\/pages"}],"about":[{"href":"https:\/\/rochesterprep.uncommonschools.org\/vi\/wp-json\/wp\/v2\/types\/page"}],"author":[{"embeddable":true,"href":"https:\/\/rochesterprep.uncommonschools.org\/vi\/wp-json\/wp\/v2\/users\/1"}],"replies":[{"embeddable":true,"href":"https:\/\/rochesterprep.uncommonschools.org\/vi\/wp-json\/wp\/v2\/comments?post=222"}],"version-history":[{"count":1,"href":"https:\/\/rochesterprep.uncommonschools.org\/vi\/wp-json\/wp\/v2\/pages\/222\/revisions"}],"predecessor-version":[{"id":2185,"href":"https:\/\/rochesterprep.uncommonschools.org\/vi\/wp-json\/wp\/v2\/pages\/222\/revisions\/2185"}],"wp:attachment":[{"href":"https:\/\/rochesterprep.uncommonschools.org\/vi\/wp-json\/wp\/v2\/media?parent=222"}],"curies":[{"name":"wp","href":"https:\/\/api.w.org\/{rel}","templated":true}]}}